{"id":614,"date":"2022-04-04T08:27:06","date_gmt":"2022-04-04T08:27:06","guid":{"rendered":"https:\/\/www.fsh.de\/en\/?page_id=614"},"modified":"2022-04-04T08:27:07","modified_gmt":"2022-04-04T08:27:07","slug":"private-jet-to-the-monaco-grand-prix","status":"publish","type":"page","link":"https:\/\/www.fsh.de\/en\/private-jet-to-the-monaco-grand-prix\/","title":{"rendered":"Private Jet to the Monaco Grand Prix"},"content":{"rendered":"\n<h2 class=\"wp-block-heading\">In a private jet to Monaco for Formula 1<\/h2>\n\n\n\n<p>Formula 1 has a few spectacular circuits in its racing calendar. The <strong>Monaco Grand Prix<\/strong> is certainly one of them. Since 1955, the tradition-steeped race has been held on a <strong>street circuit in the narrow streets of the principality<\/strong> and thus always offers sensational racing situations. At the same time, you are <strong>closer to the racing action here on the grandstands, balconies and terraces along the track than anywhere else<\/strong>. With a <strong>private jet to Monaco, you fly comfortably and quickly to this unique experience<\/strong>.<\/p>\n\n\n\n<h2 class=\"wp-block-heading\">Charter flights and private jets to Monaco<\/h2>\n\n\n\n<p>The Principality of Monaco is located directly on the French <strong>C\u00f4te d`Azur<\/strong> right next to Nice and prominent seaside resorts such as <strong>Cannes or Saint-Tropez<\/strong>. The entire region is one of the most popular destinations in Europe for celebrities, the beautiful and the rich from all over the world &#8211; and not just for the race weekend when the Grand Prix de Monaco starts. They all <strong>appreciate luxury, discretion and have no time to waste<\/strong>. That&#8217;s why they either travel to Monaco on a yacht or, more often, fly in comfort on a private jet. Most of them use <strong>Nice&#8217;s GAT airport for this purpose<\/strong>.<\/p>\n\n\n\n<ul class=\"wp-block-list\"><li>Well over 30,000 private jets take off and land at this Nice airport every year.<\/li><li>In addition, a similar number of helicopter movements take place at the airport. The majority have only one destination or come from there: the <strong>H\u00e9liport of Monaco<\/strong>. The heliport is Monaco&#8217;s only airport.<\/li><li><strong>The world&#8217;s first helicopter airline &#8211; H\u00e9li Air Monaco<\/strong> &#8211; even operates between Nice&#8217;s General Aviation Terminal (GAT) and the H\u00e9liport, transporting over 70,000 passengers every year.<\/li><\/ul>\n\n\n\n<div class=\"wp-block-image\"><figure class=\"aligncenter size-large\"><img fetchpriority=\"high\" decoding=\"async\" width=\"1024\" height=\"512\" src=\"https:\/\/www.fsh.de\/en\/wp-content\/uploads\/sites\/2\/2022\/04\/private-jet-to-the-monaco-grand-prix-1024x512.png\" alt=\"Private Jet to the Monaco Grand Prix\" class=\"wp-image-616\" srcset=\"https:\/\/www.fsh.de\/en\/wp-content\/uploads\/sites\/2\/2022\/04\/private-jet-to-the-monaco-grand-prix-1024x512.png 1024w, https:\/\/www.fsh.de\/en\/wp-content\/uploads\/sites\/2\/2022\/04\/private-jet-to-the-monaco-grand-prix-300x150.png 300w, https:\/\/www.fsh.de\/en\/wp-content\/uploads\/sites\/2\/2022\/04\/private-jet-to-the-monaco-grand-prix-768x384.png 768w, https:\/\/www.fsh.de\/en\/wp-content\/uploads\/sites\/2\/2022\/04\/private-jet-to-the-monaco-grand-prix.png 1500w\" sizes=\"(max-width: 1024px) 100vw, 1024px\" \/><\/figure><\/div>\n\n\n\n<p><strong>With a private jet<\/strong> via Nice and a subsequent helicopter flight, you can reach the <strong>Principality and the Monaco Grand Prix quickly from many cities in Germany<\/strong>. You will have to change planes in Nice, but thanks to the fast check-in at the <strong>comfortable private terminal<\/strong> in Nice, this will hardly cost you any additional time. As at the GATs in Germany, only passengers of the private jets or H\u00e9li Air Monaco have access there. There are no long waiting times here. After just a few minutes, you are already on your way in comfort. The <strong>flight time to Monaco<\/strong> or Nice is as follows<\/p>\n\n\n\n<ul class=\"wp-block-list\"><li>from Berlin or Hamburg just over two hours,<\/li><li>from Frankfurt a little more than 90 minutes and<\/li><li>from Munich just under 90 minutes.<\/li><\/ul>\n\n\n\n<p>Afterwards, a H\u00e9li Air Monaco helicopter will take you to the race weekend or other occasions in Monaco in just seven minutes.<\/p>\n\n\n\n<h2 class=\"wp-block-heading\">Book a private jet to Monaco and more now with Premium Flight Service<\/h2>\n\n\n\n<p>Ein <strong>Ausflug zum Grand Prix de Monaco<\/strong> ist ein <strong>besonders exklusives Reiseerlebnis<\/strong> mit der Familie, Freunden oder Gesch\u00e4ftspartnern und Mitarbeitern. Ein Luxushotel oder die Anreise im Privatjet runden es genauso exklusiv ab. Wir \u2013 <strong>FSH, Ihr Premium Flugservice<\/strong> \u2013 organisieren Ihnen dieses <strong>au\u00dfergew\u00f6hnliche, luxuri\u00f6se Erlebnis<\/strong> mit vielen optionalen Extras f\u00fcr eine perfekte Reise. F\u00fcr Ihre Buchung erreichen Sie uns immer an 365 Tagen rund um die Uhr. <strong>Holen Sie sich direkt Ihr unverbindliches Angebot f\u00fcr einen Flug im Privatjet nach Monaco oder f\u00fcr jeden anderen Charterflug<\/strong>.<\/p>\n\n\n\n<p>A trip to the <strong>Grand Prix de Monaco<\/strong> is a particularly <strong>exclusive travel experience<\/strong> with family, friends or business partners and employees. A luxury hotel or the journey in a private jet round it off just as exclusively. We &#8211; <strong>FSH, your premium flight service<\/strong> &#8211; organise this <strong>extraordinary, luxurious experience<\/strong> with many optional extras for a perfect trip. For your booking, you can always reach us around the clock, 365 days a year. <strong>Get your non-binding offer for a flight in a private jet to Monaco or for any other charter flight directly.<\/strong><\/p>\n\n\n\n<p>Simply call\u00a0<a href=\"tel:+49 342 0470580\">0342 0470580<\/a>, send us an\u00a0<a href=\"mailto:sales@fsh.de\">email<\/a>\u00a0or use our\u00a0<a href=\"https:\/\/www.fsh.de\/#planner\">online contact<\/a>\u00a0here. We and our private jets are always there for you!<\/p>\n","protected":false},"excerpt":{"rendered":"<p>In a private jet to Monaco for Formula 1 Formula 1 has a few spectacular circuits in its racing calendar. The Monaco Grand Prix is certainly one of them. Since 1955, the tradition-steeped race has been held on a street circuit in the narrow streets of the principality and thus always offers sensational racing situations. &hellip; <a href=\"https:\/\/www.fsh.de\/en\/private-jet-to-the-monaco-grand-prix\/\">Continued<\/a><\/p>\n","protected":false},"author":2,"featured_media":0,"parent":0,"menu_order":0,"comment_status":"closed","ping_status":"closed","template":"","meta":{"inline_featured_image":false,"footnotes":""},"class_list":["post-614","page","type-page","status-publish","hentry"],"yoast_head":"<!-- This site is optimized with the Yoast SEO plugin v24.9 - https:\/\/yoast.com\/wordpress\/plugins\/seo\/ -->\n<title>Private Jet to the Monaco Grand Prix - FSH Flightcompany<\/title>\n<meta name=\"description\" content=\"Charter your private jet to the Monaco Grand Prix now. From booking to arrival, everything is in one hand.\" \/>\n<meta name=\"robots\" content=\"index, follow, max-snippet:-1, max-image-preview:large, max-video-preview:-1\" \/>\n<link rel=\"canonical\" href=\"https:\/\/www.fsh.de\/en\/private-jet-to-the-monaco-grand-prix\/\" \/>\n<meta property=\"og:locale\" content=\"en_GB\" \/>\n<meta property=\"og:type\" content=\"article\" \/>\n<meta property=\"og:title\" content=\"Private Jet to the Monaco Grand Prix - FSH Flightcompany\" \/>\n<meta property=\"og:description\" content=\"Charter your private jet to the Monaco Grand Prix now. From booking to arrival, everything is in one hand.\" \/>\n<meta property=\"og:url\" content=\"https:\/\/www.fsh.de\/en\/private-jet-to-the-monaco-grand-prix\/\" \/>\n<meta property=\"og:site_name\" content=\"FSH Flightcompany\" \/>\n<meta property=\"article:modified_time\" content=\"2022-04-04T08:27:07+00:00\" \/>\n<meta property=\"og:image\" content=\"https:\/\/www.fsh.de\/en\/wp-content\/uploads\/sites\/2\/2022\/04\/private-jet-to-the-monaco-grand-prix-1024x512.png\" \/>\n<meta name=\"twitter:card\" content=\"summary_large_image\" \/>\n<meta name=\"twitter:label1\" content=\"Estimated reading time\" \/>\n\t<meta name=\"twitter:data1\" content=\"4 minutes\" \/>\n<script type=\"application\/ld+json\" class=\"yoast-schema-graph\">{\"@context\":\"https:\/\/schema.org\",\"@graph\":[{\"@type\":\"WebPage\",\"@id\":\"https:\/\/www.fsh.de\/en\/private-jet-to-the-monaco-grand-prix\/\",\"url\":\"https:\/\/www.fsh.de\/en\/private-jet-to-the-monaco-grand-prix\/\",\"name\":\"Private Jet to the Monaco Grand Prix - FSH Flightcompany\",\"isPartOf\":{\"@id\":\"https:\/\/www.fsh.de\/en\/#website\"},\"primaryImageOfPage\":{\"@id\":\"https:\/\/www.fsh.de\/en\/private-jet-to-the-monaco-grand-prix\/#primaryimage\"},\"image\":{\"@id\":\"https:\/\/www.fsh.de\/en\/private-jet-to-the-monaco-grand-prix\/#primaryimage\"},\"thumbnailUrl\":\"https:\/\/www.fsh.de\/en\/wp-content\/uploads\/sites\/2\/2022\/04\/private-jet-to-the-monaco-grand-prix-1024x512.png\",\"datePublished\":\"2022-04-04T08:27:06+00:00\",\"dateModified\":\"2022-04-04T08:27:07+00:00\",\"description\":\"Charter your private jet to the Monaco Grand Prix now. From booking to arrival, everything is in one hand.\",\"breadcrumb\":{\"@id\":\"https:\/\/www.fsh.de\/en\/private-jet-to-the-monaco-grand-prix\/#breadcrumb\"},\"inLanguage\":\"en-GB\",\"potentialAction\":[{\"@type\":\"ReadAction\",\"target\":[\"https:\/\/www.fsh.de\/en\/private-jet-to-the-monaco-grand-prix\/\"]}]},{\"@type\":\"ImageObject\",\"inLanguage\":\"en-GB\",\"@id\":\"https:\/\/www.fsh.de\/en\/private-jet-to-the-monaco-grand-prix\/#primaryimage\",\"url\":\"https:\/\/www.fsh.de\/en\/wp-content\/uploads\/sites\/2\/2022\/04\/private-jet-to-the-monaco-grand-prix.png\",\"contentUrl\":\"https:\/\/www.fsh.de\/en\/wp-content\/uploads\/sites\/2\/2022\/04\/private-jet-to-the-monaco-grand-prix.png\",\"width\":1500,\"height\":750},{\"@type\":\"BreadcrumbList\",\"@id\":\"https:\/\/www.fsh.de\/en\/private-jet-to-the-monaco-grand-prix\/#breadcrumb\",\"itemListElement\":[{\"@type\":\"ListItem\",\"position\":1,\"name\":\"Startseite\",\"item\":\"https:\/\/www.fsh.de\/en\/\"},{\"@type\":\"ListItem\",\"position\":2,\"name\":\"Private Jet to the Monaco Grand Prix\"}]},{\"@type\":\"WebSite\",\"@id\":\"https:\/\/www.fsh.de\/en\/#website\",\"url\":\"https:\/\/www.fsh.de\/en\/\",\"name\":\"FSH Flightcompany\",\"description\":\"\",\"potentialAction\":[{\"@type\":\"SearchAction\",\"target\":{\"@type\":\"EntryPoint\",\"urlTemplate\":\"https:\/\/www.fsh.de\/en\/?s={search_term_string}\"},\"query-input\":{\"@type\":\"PropertyValueSpecification\",\"valueRequired\":true,\"valueName\":\"search_term_string\"}}],\"inLanguage\":\"en-GB\"}]}<\/script>\n<!-- \/ Yoast SEO plugin. -->","yoast_head_json":{"title":"Private Jet to the Monaco Grand Prix - FSH Flightcompany","description":"Charter your private jet to the Monaco Grand Prix now. From booking to arrival, everything is in one hand.","robots":{"index":"index","follow":"follow","max-snippet":"max-snippet:-1","max-image-preview":"max-image-preview:large","max-video-preview":"max-video-preview:-1"},"canonical":"https:\/\/www.fsh.de\/en\/private-jet-to-the-monaco-grand-prix\/","og_locale":"en_GB","og_type":"article","og_title":"Private Jet to the Monaco Grand Prix - FSH Flightcompany","og_description":"Charter your private jet to the Monaco Grand Prix now. From booking to arrival, everything is in one hand.","og_url":"https:\/\/www.fsh.de\/en\/private-jet-to-the-monaco-grand-prix\/","og_site_name":"FSH Flightcompany","article_modified_time":"2022-04-04T08:27:07+00:00","og_image":[{"url":"https:\/\/www.fsh.de\/en\/wp-content\/uploads\/sites\/2\/2022\/04\/private-jet-to-the-monaco-grand-prix-1024x512.png","type":"","width":"","height":""}],"twitter_card":"summary_large_image","twitter_misc":{"Estimated reading time":"4 minutes"},"schema":{"@context":"https:\/\/schema.org","@graph":[{"@type":"WebPage","@id":"https:\/\/www.fsh.de\/en\/private-jet-to-the-monaco-grand-prix\/","url":"https:\/\/www.fsh.de\/en\/private-jet-to-the-monaco-grand-prix\/","name":"Private Jet to the Monaco Grand Prix - FSH Flightcompany","isPartOf":{"@id":"https:\/\/www.fsh.de\/en\/#website"},"primaryImageOfPage":{"@id":"https:\/\/www.fsh.de\/en\/private-jet-to-the-monaco-grand-prix\/#primaryimage"},"image":{"@id":"https:\/\/www.fsh.de\/en\/private-jet-to-the-monaco-grand-prix\/#primaryimage"},"thumbnailUrl":"https:\/\/www.fsh.de\/en\/wp-content\/uploads\/sites\/2\/2022\/04\/private-jet-to-the-monaco-grand-prix-1024x512.png","datePublished":"2022-04-04T08:27:06+00:00","dateModified":"2022-04-04T08:27:07+00:00","description":"Charter your private jet to the Monaco Grand Prix now. From booking to arrival, everything is in one hand.","breadcrumb":{"@id":"https:\/\/www.fsh.de\/en\/private-jet-to-the-monaco-grand-prix\/#breadcrumb"},"inLanguage":"en-GB","potentialAction":[{"@type":"ReadAction","target":["https:\/\/www.fsh.de\/en\/private-jet-to-the-monaco-grand-prix\/"]}]},{"@type":"ImageObject","inLanguage":"en-GB","@id":"https:\/\/www.fsh.de\/en\/private-jet-to-the-monaco-grand-prix\/#primaryimage","url":"https:\/\/www.fsh.de\/en\/wp-content\/uploads\/sites\/2\/2022\/04\/private-jet-to-the-monaco-grand-prix.png","contentUrl":"https:\/\/www.fsh.de\/en\/wp-content\/uploads\/sites\/2\/2022\/04\/private-jet-to-the-monaco-grand-prix.png","width":1500,"height":750},{"@type":"BreadcrumbList","@id":"https:\/\/www.fsh.de\/en\/private-jet-to-the-monaco-grand-prix\/#breadcrumb","itemListElement":[{"@type":"ListItem","position":1,"name":"Startseite","item":"https:\/\/www.fsh.de\/en\/"},{"@type":"ListItem","position":2,"name":"Private Jet to the Monaco Grand Prix"}]},{"@type":"WebSite","@id":"https:\/\/www.fsh.de\/en\/#website","url":"https:\/\/www.fsh.de\/en\/","name":"FSH Flightcompany","description":"","potentialAction":[{"@type":"SearchAction","target":{"@type":"EntryPoint","urlTemplate":"https:\/\/www.fsh.de\/en\/?s={search_term_string}"},"query-input":{"@type":"PropertyValueSpecification","valueRequired":true,"valueName":"search_term_string"}}],"inLanguage":"en-GB"}]}},"_links":{"self":[{"href":"https:\/\/www.fsh.de\/en\/wp-json\/wp\/v2\/pages\/614","targetHints":{"allow":["GET"]}}],"collection":[{"href":"https:\/\/www.fsh.de\/en\/wp-json\/wp\/v2\/pages"}],"about":[{"href":"https:\/\/www.fsh.de\/en\/wp-json\/wp\/v2\/types\/page"}],"author":[{"embeddable":true,"href":"https:\/\/www.fsh.de\/en\/wp-json\/wp\/v2\/users\/2"}],"replies":[{"embeddable":true,"href":"https:\/\/www.fsh.de\/en\/wp-json\/wp\/v2\/comments?post=614"}],"version-history":[{"count":2,"href":"https:\/\/www.fsh.de\/en\/wp-json\/wp\/v2\/pages\/614\/revisions"}],"predecessor-version":[{"id":617,"href":"https:\/\/www.fsh.de\/en\/wp-json\/wp\/v2\/pages\/614\/revisions\/617"}],"wp:attachment":[{"href":"https:\/\/www.fsh.de\/en\/wp-json\/wp\/v2\/media?parent=614"}],"curies":[{"name":"wp","href":"https:\/\/api.w.org\/{rel}","templated":true}]}}